{"id":194,"date":"2026-01-29T13:45:27","date_gmt":"2026-01-29T13:45:27","guid":{"rendered":"https:\/\/fuenteshnos.com\/?page_id=194"},"modified":"2026-01-29T13:49:41","modified_gmt":"2026-01-29T13:49:41","slug":"politica-de-cookies","status":"publish","type":"page","link":"https:\/\/fuenteshnos.com\/en\/politica-de-cookies\/","title":{"rendered":"POL\u00cdTICA DE COOKIES"},"content":{"rendered":"<p>[et_pb_section fb_built=\u00bb1&#8243; custom_padding_last_edited=\u00bbon|tablet\u00bb _builder_version=\u00bb4.27.5&#8243; _module_preset=\u00bbdefault\u00bb use_background_color_gradient=\u00bbon\u00bb background_color_gradient_stops=\u00bbrgba(21,49,88,0.72) 1%|rgba(236,100,49,0.15) 100%\u00bb background_color_gradient_overlays_image=\u00bbon\u00bb background_image=\u00bbhttp:\/\/fuenteshnos.com\/wp-content\/uploads\/2025\/12\/e69d0231-b20d-42f4-8601-b11935a8363e-1_all_21665-scaled.jpg\u00bb overflow-x=\u00bbhidden\u00bb overflow-y=\u00bbhidden\u00bb custom_margin=\u00bb0px||0px||false|false\u00bb custom_padding=\u00bb70px||70px||true|false\u00bb custom_padding_tablet=\u00bb120px||90px||false|false\u00bb custom_padding_phone=\u00bb90px||60px||false|false\u00bb animation_style=\u00bbfade\u00bb animation_speed_curve=\u00bbease\u00bb global_colors_info=\u00bb{}\u00bb theme_builder_area=\u00bbpost_content\u00bb][et_pb_row _builder_version=\u00bb4.27.5&#8243; _module_preset=\u00bbdefault\u00bb background_color=\u00bb#EC6431&#8243; background_enable_image=\u00bboff\u00bb background_enable_pattern_style=\u00bbon\u00bb background_pattern_style=\u00bbsquares\u00bb background_pattern_color=\u00bbrgba(255,255,255,0.04)\u00bb positioning=\u00bbabsolute\u00bb width=\u00bb30%\u00bb max_width=\u00bb560px\u00bb min_height=\u00bb100%\u00bb custom_margin=\u00bb0px||0px||false|false\u00bb custom_padding=\u00bb0px||0px||false|false\u00bb global_colors_info=\u00bb{}\u00bb theme_builder_area=\u00bbpost_content\u00bb][et_pb_column type=\u00bb4_4&#8243; _builder_version=\u00bb4.25.0&#8243; _module_preset=\u00bbdefault\u00bb global_colors_info=\u00bb{}\u00bb theme_builder_area=\u00bbpost_content\u00bb][\/et_pb_column][\/et_pb_row][et_pb_row column_structure=\u00bb3_4,1_4&#8243; use_custom_gutter=\u00bbon\u00bb module_class=\u00bbconstruction-23-inlbtn-sc res-trans-on-1670&#8243; _builder_version=\u00bb4.27.5&#8243; _module_preset=\u00bbdefault\u00bb width=\u00bb90%\u00bb custom_margin=\u00bb0px||0px||false|false\u00bb custom_padding=\u00bb0px||0px||false|false\u00bb animation_style=\u00bbslide\u00bb animation_direction=\u00bbleft\u00bb global_colors_info=\u00bb{}\u00bb theme_builder_area=\u00bbpost_content\u00bb][et_pb_column type=\u00bb3_4&#8243; _builder_version=\u00bb4.27.5&#8243; _module_preset=\u00bbdefault\u00bb background_color=\u00bb#153158&#8243; transform_scale_tablet=\u00bb\u00bb transform_scale_phone=\u00bb\u00bb transform_scale_last_edited=\u00bbon|desktop\u00bb transform_translate=\u00bb-80px|0px\u00bb transform_translate_tablet=\u00bb0px|0px\u00bb transform_translate_phone=\u00bb0px|0px\u00bb transform_translate_last_edited=\u00bbon|tablet\u00bb transform_translate_linked=\u00bboff\u00bb transform_rotate_tablet=\u00bb\u00bb transform_rotate_phone=\u00bb\u00bb transform_rotate_last_edited=\u00bbon|desktop\u00bb transform_skew_tablet=\u00bb\u00bb transform_skew_phone=\u00bb\u00bb transform_skew_last_edited=\u00bbon|desktop\u00bb transform_origin_tablet=\u00bb\u00bb transform_origin_phone=\u00bb\u00bb transform_origin_last_edited=\u00bbon|desktop\u00bb transform_styles_last_edited=\u00bbon|tablet\u00bb custom_padding=\u00bb30px|80px|30px|80px|true|false\u00bb custom_padding_tablet=\u00bb80px|80px|80px|80px|false|false\u00bb custom_padding_phone=\u00bb50px|30px|50px|30px|false|false\u00bb custom_padding_last_edited=\u00bbon|phone\u00bb animation_style=\u00bbslide\u00bb animation_direction=\u00bbbottom\u00bb animation_delay=\u00bb500ms\u00bb animation_intensity_slide=\u00bb4%\u00bb animation_speed_curve=\u00bbease\u00bb transform_styles_tablet=\u00bb\u00bb transform_styles_phone=\u00bb\u00bb border_width_bottom=\u00bb10px\u00bb border_color_bottom=\u00bb#EC6431&#8243; global_colors_info=\u00bb{}\u00bb theme_builder_area=\u00bbpost_content\u00bb][et_pb_code admin_label=\u00bbresponsive settings\u00bb _builder_version=\u00bb4.25.0&#8243; _module_preset=\u00bbdefault\u00bb max_height=\u00bb0px\u00bb custom_margin=\u00bb0px||0px||false|false\u00bb custom_padding=\u00bb0px||0px||false|false\u00bb global_colors_info=\u00bb{}\u00bb theme_builder_area=\u00bbpost_content\u00bb]<\/p>\n<style><!-- [et_pb_line_break_holder] -->@media (min-width: 980px) and (max-width: 1670px) { <!-- [et_pb_line_break_holder] -->    .res-trans-on-1670 .et_pb_column_2 \t\t\t{<!-- [et_pb_line_break_holder] -->      transform: translateX(0px) translateY(0px);<!-- [et_pb_line_break_holder] -->    }<!-- [et_pb_line_break_holder] --> } <!-- [et_pb_line_break_holder] --><\/style>\n<p>[\/et_pb_code][et_pb_text _builder_version=\u00bb4.27.5&#8243; _module_preset=\u00bbdefault\u00bb header_font=\u00bb||on||||||\u00bb header_text_align=\u00bbleft\u00bb header_text_color=\u00bb#FFFFFF\u00bb header_font_size=\u00bb50px\u00bb header_letter_spacing=\u00bb1px\u00bb custom_margin=\u00bb10px||10px||true|false\u00bb custom_margin_tablet=\u00bb0px||25px||false|false\u00bb custom_margin_phone=\u00bb0px||15px||false|false\u00bb custom_margin_last_edited=\u00bbon|phone\u00bb custom_padding=\u00bb0px||0px||false|false\u00bb hover_enabled=\u00bb0&#8243; header_font_size_tablet=\u00bb84px\u00bb header_font_size_phone=\u00bb35px\u00bb header_font_size_last_edited=\u00bbon|desktop\u00bb global_colors_info=\u00bb{}\u00bb theme_builder_area=\u00bbpost_content\u00bb _dynamic_attributes=\u00bbcontent\u00bb sticky_enabled=\u00bb0&#8243; text_font_size=\u00bb50px\u00bb text_text_color=\u00bb#FFFFFF\u00bb text_font=\u00bb&#8211;et_global_heading_font||||||||\u00bb]@ET-DC@eyJkeW5hbWljIjp0cnVlLCJjb250ZW50IjoicG9zdF90aXRsZSIsInNldHRpbmdzIjp7ImJlZm9yZSI6IiIsImFmdGVyIjoiIn19@[\/et_pb_text][et_pb_code admin_label=\u00bbinline-button code\u00bb _builder_version=\u00bb4.25.0&#8243; _module_preset=\u00bbdefault\u00bb custom_margin=\u00bb0px||0px||false|false\u00bb custom_padding=\u00bb0px||0px||false|false\u00bb global_colors_info=\u00bb{}\u00bb theme_builder_area=\u00bbpost_content\u00bb]<\/p>\n<style><!-- [et_pb_line_break_holder] -->  .construction-23-inlbtn-sc<!-- [et_pb_line_break_holder] -->.et_pb_button_module_wrapper {<!-- [et_pb_line_break_holder] -->display: inline-block;<!-- [et_pb_line_break_holder] --><!-- [et_pb_line_break_holder] -->}<!-- [et_pb_line_break_holder] --><!-- [et_pb_line_break_holder] --><\/style>\n<p>[\/et_pb_code][\/et_pb_column][et_pb_column type=\u00bb1_4&#8243; disabled_on=\u00bbon|on|off\u00bb _builder_version=\u00bb4.25.0&#8243; _module_preset=\u00bbdefault\u00bb global_colors_info=\u00bb{}\u00bb theme_builder_area=\u00bbpost_content\u00bb][\/et_pb_column][\/et_pb_row][\/et_pb_section][et_pb_section fb_built=\u00bb1&#8243; theme_builder_area=\u00bbpost_content\u00bb _builder_version=\u00bb4.27.5&#8243; _module_preset=\u00bbdefault\u00bb][et_pb_row _builder_version=\u00bb4.27.5&#8243; _module_preset=\u00bbdefault\u00bb theme_builder_area=\u00bbpost_content\u00bb][et_pb_column _builder_version=\u00bb4.27.5&#8243; _module_preset=\u00bbdefault\u00bb type=\u00bb4_4&#8243; theme_builder_area=\u00bbpost_content\u00bb][et_pb_text _builder_version=\u00bb4.27.5&#8243; _module_preset=\u00bbdefault\u00bb theme_builder_area=\u00bbpost_content\u00bb text_font_size=\u00bb16px\u00bb text_text_color=\u00bb#153158&#8243; hover_enabled=\u00bb0&#8243; sticky_enabled=\u00bb0&#8243;]<\/p>\n<p><b>\u00bfQu\u00e9 son las cookies?<\/b><\/p>\n<p><span style=\"font-weight: 400;\">Las cookies son peque\u00f1os archivos que se descargan en el dispositivo del usuario al acceder a una p\u00e1gina web y permiten mejorar la experiencia de navegaci\u00f3n.<\/span><\/p>\n<p><b>Tipos de cookies utilizadas<\/b><\/p>\n<p><span style=\"font-weight: 400;\">Este sitio web utiliza:<\/span><\/p>\n<ul>\n<li style=\"font-weight: 400;\" aria-level=\"1\"><b>Cookies t\u00e9cnicas<\/b><span style=\"font-weight: 400;\">, necesarias para el funcionamiento del sitio web.<\/span><\/li>\n<li style=\"font-weight: 400;\" aria-level=\"1\"><b>Cookies anal\u00edticas<\/b><span style=\"font-weight: 400;\">, utilizadas para analizar la navegaci\u00f3n de los usuarios mediante <\/span><b>Google Analytics<\/b><span style=\"font-weight: 400;\">, \u00fanicamente si el usuario presta su consentimiento expreso.<\/span><\/li>\n<\/ul>\n<p><b>Cookies utilizadas en este sitio web<\/b><\/p>\n<table>\n<thead>\n<tr>\n<th>\n<p><b>Cookie<\/b><\/p>\n<\/th>\n<th>\n<p><b>Tipo<\/b><\/p>\n<\/th>\n<th>\n<p><b>Duraci\u00f3n<\/b><\/p>\n<\/th>\n<th>\n<p><b>Finalidad<\/b><\/p>\n<\/th>\n<\/tr>\n<\/thead>\n<tbody>\n<tr>\n<td>\n<p><span style=\"font-weight: 400;\">_ga<\/span><\/p>\n<\/td>\n<td>\n<p><span style=\"font-weight: 400;\">Anal\u00edtica<\/span><\/p>\n<\/td>\n<td>\n<p><span style=\"font-weight: 400;\">2 a\u00f1os<\/span><\/p>\n<\/td>\n<td>\n<p><span style=\"font-weight: 400;\">Distinguir usuarios<\/span><\/p>\n<\/td>\n<\/tr>\n<tr>\n<td>\n<p><i><span style=\"font-weight: 400;\">ga<\/span><\/i><span style=\"font-weight: 400;\">*<\/span><\/p>\n<\/td>\n<td>\n<p><span style=\"font-weight: 400;\">Anal\u00edtica<\/span><\/p>\n<\/td>\n<td>\n<p><span style=\"font-weight: 400;\">2 a\u00f1os<\/span><\/p>\n<\/td>\n<td>\n<p><span style=\"font-weight: 400;\">Anal\u00edtica de navegaci\u00f3n<\/span><\/p>\n<\/td>\n<\/tr>\n<tr>\n<td>\n<p><span style=\"font-weight: 400;\">viewed_cookie_policy<\/span><\/p>\n<\/td>\n<td>\n<p><span style=\"font-weight: 400;\">T\u00e9cnica<\/span><\/p>\n<\/td>\n<td>\n<p><span style=\"font-weight: 400;\">11 meses<\/span><\/p>\n<\/td>\n<td>\n<p><span style=\"font-weight: 400;\">Guardar consentimiento<\/span><\/p>\n<\/td>\n<\/tr>\n<tr>\n<td>\n<p><span style=\"font-weight: 400;\">cookielawinfo-checkbox-analytics<\/span><\/p>\n<\/td>\n<td>\n<p><span style=\"font-weight: 400;\">T\u00e9cnica<\/span><\/p>\n<\/td>\n<td>\n<p><span style=\"font-weight: 400;\">11 meses<\/span><\/p>\n<\/td>\n<td>\n<p><span style=\"font-weight: 400;\">Preferencias<\/span><\/p>\n<\/td>\n<\/tr>\n<\/tbody>\n<\/table>\n<p><i><span style=\"font-weight: 400;\">(Las cookies pueden variar seg\u00fan el plugin de cookies utilizado en WordPress)<\/span><\/i><\/p>\n<p><b>Gesti\u00f3n del consentimiento<\/b><\/p>\n<p><span style=\"font-weight: 400;\">El usuario puede aceptar, rechazar o configurar el uso de cookies en cualquier momento a trav\u00e9s del banner o panel de configuraci\u00f3n de cookies habilitado en el sitio web.<\/span><\/p>\n<p>[\/et_pb_text][\/et_pb_column][\/et_pb_row][\/et_pb_section]<\/p>","protected":false},"excerpt":{"rendered":"<p>\u00bfQu\u00e9 son las cookies? Las cookies son peque\u00f1os archivos que se descargan en el dispositivo del usuario al acceder a una p\u00e1gina web y permiten mejorar la experiencia de navegaci\u00f3n. Tipos de cookies utilizadas Este sitio web utiliza: Cookies t\u00e9cnicas, necesarias para el funcionamiento del sitio web. Cookies anal\u00edticas, utilizadas para analizar la navegaci\u00f3n de [&hellip;]<\/p>","protected":false},"author":2,"featured_media":0,"parent":0,"menu_order":0,"comment_status":"closed","ping_status":"closed","template":"","meta":{"_et_pb_use_builder":"on","_et_pb_old_content":"","_et_gb_content_width":"","footnotes":""},"class_list":["post-194","page","type-page","status-publish","hentry"],"yoast_head":"<!-- This site is optimized with the Yoast SEO plugin v26.8 - https:\/\/yoast.com\/product\/yoast-seo-wordpress\/ -->\n<title>POL\u00cdTICA DE COOKIES - Transportes Fuentes Hnos. de Roquetas S. L.<\/title>\n<meta name=\"robots\" content=\"index, follow, max-snippet:-1, max-image-preview:large, max-video-preview:-1\" \/>\n<link rel=\"canonical\" href=\"https:\/\/fuenteshnos.com\/en\/politica-de-cookies\/\" \/>\n<meta property=\"og:locale\" content=\"en_GB\" \/>\n<meta property=\"og:type\" content=\"article\" \/>\n<meta property=\"og:title\" content=\"POL\u00cdTICA DE COOKIES - Transportes Fuentes Hnos. de Roquetas S. L.\" \/>\n<meta property=\"og:description\" content=\"\u00bfQu\u00e9 son las cookies? Las cookies son peque\u00f1os archivos que se descargan en el dispositivo del usuario al acceder a una p\u00e1gina web y permiten mejorar la experiencia de navegaci\u00f3n. Tipos de cookies utilizadas Este sitio web utiliza: Cookies t\u00e9cnicas, necesarias para el funcionamiento del sitio web. Cookies anal\u00edticas, utilizadas para analizar la navegaci\u00f3n de [&hellip;]\" \/>\n<meta property=\"og:url\" content=\"https:\/\/fuenteshnos.com\/en\/politica-de-cookies\/\" \/>\n<meta property=\"og:site_name\" content=\"Transportes Fuentes Hnos. de Roquetas S. L.\" \/>\n<meta property=\"article:publisher\" content=\"https:\/\/www.facebook.com\/FuentesHnosDeRoquetas\/?locale=es_ES\" \/>\n<meta property=\"article:modified_time\" content=\"2026-01-29T13:49:41+00:00\" \/>\n<meta name=\"twitter:card\" content=\"summary_large_image\" \/>\n<script type=\"application\/ld+json\" class=\"yoast-schema-graph\">{\"@context\":\"https:\/\/schema.org\",\"@graph\":[{\"@type\":\"WebPage\",\"@id\":\"https:\/\/fuenteshnos.com\/politica-de-cookies\/\",\"url\":\"https:\/\/fuenteshnos.com\/politica-de-cookies\/\",\"name\":\"POL\u00cdTICA DE COOKIES - Transportes Fuentes Hnos. de Roquetas S. L.\",\"isPartOf\":{\"@id\":\"https:\/\/fuenteshnos.com\/#website\"},\"datePublished\":\"2026-01-29T13:45:27+00:00\",\"dateModified\":\"2026-01-29T13:49:41+00:00\",\"breadcrumb\":{\"@id\":\"https:\/\/fuenteshnos.com\/politica-de-cookies\/#breadcrumb\"},\"inLanguage\":\"en-GB\",\"potentialAction\":[{\"@type\":\"ReadAction\",\"target\":[\"https:\/\/fuenteshnos.com\/politica-de-cookies\/\"]}]},{\"@type\":\"BreadcrumbList\",\"@id\":\"https:\/\/fuenteshnos.com\/politica-de-cookies\/#breadcrumb\",\"itemListElement\":[{\"@type\":\"ListItem\",\"position\":1,\"name\":\"Portada\",\"item\":\"https:\/\/fuenteshnos.com\/\"},{\"@type\":\"ListItem\",\"position\":2,\"name\":\"POL\u00cdTICA DE COOKIES\"}]},{\"@type\":\"WebSite\",\"@id\":\"https:\/\/fuenteshnos.com\/#website\",\"url\":\"https:\/\/fuenteshnos.com\/\",\"name\":\"Transportes Fuentes Hnos. de Roquetas S. L.\",\"description\":\"Especialistas en transporte de plantas ornamentales\",\"publisher\":{\"@id\":\"https:\/\/fuenteshnos.com\/#organization\"},\"potentialAction\":[{\"@type\":\"SearchAction\",\"target\":{\"@type\":\"EntryPoint\",\"urlTemplate\":\"https:\/\/fuenteshnos.com\/?s={search_term_string}\"},\"query-input\":{\"@type\":\"PropertyValueSpecification\",\"valueRequired\":true,\"valueName\":\"search_term_string\"}}],\"inLanguage\":\"en-GB\"},{\"@type\":\"Organization\",\"@id\":\"https:\/\/fuenteshnos.com\/#organization\",\"name\":\"Transportes Fuentes Hnos. de Roquetas S. L.\",\"url\":\"https:\/\/fuenteshnos.com\/\",\"logo\":{\"@type\":\"ImageObject\",\"inLanguage\":\"en-GB\",\"@id\":\"https:\/\/fuenteshnos.com\/#\/schema\/logo\/image\/\",\"url\":\"https:\/\/fuenteshnos.com\/wp-content\/uploads\/2025\/12\/LOGO-1.jpg\",\"contentUrl\":\"https:\/\/fuenteshnos.com\/wp-content\/uploads\/2025\/12\/LOGO-1.jpg\",\"width\":622,\"height\":282,\"caption\":\"Transportes Fuentes Hnos. de Roquetas S. L.\"},\"image\":{\"@id\":\"https:\/\/fuenteshnos.com\/#\/schema\/logo\/image\/\"},\"sameAs\":[\"https:\/\/www.facebook.com\/FuentesHnosDeRoquetas\/?locale=es_ES\"]}]}<\/script>\n<!-- \/ Yoast SEO plugin. -->","yoast_head_json":{"title":"POL\u00cdTICA DE COOKIES - Transportes Fuentes Hnos. de Roquetas S. L.","robots":{"index":"index","follow":"follow","max-snippet":"max-snippet:-1","max-image-preview":"max-image-preview:large","max-video-preview":"max-video-preview:-1"},"canonical":"https:\/\/fuenteshnos.com\/en\/politica-de-cookies\/","og_locale":"en_GB","og_type":"article","og_title":"POL\u00cdTICA DE COOKIES - Transportes Fuentes Hnos. de Roquetas S. L.","og_description":"\u00bfQu\u00e9 son las cookies? Las cookies son peque\u00f1os archivos que se descargan en el dispositivo del usuario al acceder a una p\u00e1gina web y permiten mejorar la experiencia de navegaci\u00f3n. Tipos de cookies utilizadas Este sitio web utiliza: Cookies t\u00e9cnicas, necesarias para el funcionamiento del sitio web. Cookies anal\u00edticas, utilizadas para analizar la navegaci\u00f3n de [&hellip;]","og_url":"https:\/\/fuenteshnos.com\/en\/politica-de-cookies\/","og_site_name":"Transportes Fuentes Hnos. de Roquetas S. L.","article_publisher":"https:\/\/www.facebook.com\/FuentesHnosDeRoquetas\/?locale=es_ES","article_modified_time":"2026-01-29T13:49:41+00:00","twitter_card":"summary_large_image","schema":{"@context":"https:\/\/schema.org","@graph":[{"@type":"WebPage","@id":"https:\/\/fuenteshnos.com\/politica-de-cookies\/","url":"https:\/\/fuenteshnos.com\/politica-de-cookies\/","name":"POL\u00cdTICA DE COOKIES - Transportes Fuentes Hnos. de Roquetas S. L.","isPartOf":{"@id":"https:\/\/fuenteshnos.com\/#website"},"datePublished":"2026-01-29T13:45:27+00:00","dateModified":"2026-01-29T13:49:41+00:00","breadcrumb":{"@id":"https:\/\/fuenteshnos.com\/politica-de-cookies\/#breadcrumb"},"inLanguage":"en-GB","potentialAction":[{"@type":"ReadAction","target":["https:\/\/fuenteshnos.com\/politica-de-cookies\/"]}]},{"@type":"BreadcrumbList","@id":"https:\/\/fuenteshnos.com\/politica-de-cookies\/#breadcrumb","itemListElement":[{"@type":"ListItem","position":1,"name":"Portada","item":"https:\/\/fuenteshnos.com\/"},{"@type":"ListItem","position":2,"name":"POL\u00cdTICA DE COOKIES"}]},{"@type":"WebSite","@id":"https:\/\/fuenteshnos.com\/#website","url":"https:\/\/fuenteshnos.com\/","name":"Transportes Fuentes Hnos. de Roquetas S. L.","description":"Especialistas en transporte de plantas ornamentales","publisher":{"@id":"https:\/\/fuenteshnos.com\/#organization"},"potentialAction":[{"@type":"SearchAction","target":{"@type":"EntryPoint","urlTemplate":"https:\/\/fuenteshnos.com\/?s={search_term_string}"},"query-input":{"@type":"PropertyValueSpecification","valueRequired":true,"valueName":"search_term_string"}}],"inLanguage":"en-GB"},{"@type":"Organization","@id":"https:\/\/fuenteshnos.com\/#organization","name":"Transportes Fuentes Hnos. de Roquetas S. L.","url":"https:\/\/fuenteshnos.com\/","logo":{"@type":"ImageObject","inLanguage":"en-GB","@id":"https:\/\/fuenteshnos.com\/#\/schema\/logo\/image\/","url":"https:\/\/fuenteshnos.com\/wp-content\/uploads\/2025\/12\/LOGO-1.jpg","contentUrl":"https:\/\/fuenteshnos.com\/wp-content\/uploads\/2025\/12\/LOGO-1.jpg","width":622,"height":282,"caption":"Transportes Fuentes Hnos. de Roquetas S. L."},"image":{"@id":"https:\/\/fuenteshnos.com\/#\/schema\/logo\/image\/"},"sameAs":["https:\/\/www.facebook.com\/FuentesHnosDeRoquetas\/?locale=es_ES"]}]}},"_links":{"self":[{"href":"https:\/\/fuenteshnos.com\/en\/wp-json\/wp\/v2\/pages\/194","targetHints":{"allow":["GET"]}}],"collection":[{"href":"https:\/\/fuenteshnos.com\/en\/wp-json\/wp\/v2\/pages"}],"about":[{"href":"https:\/\/fuenteshnos.com\/en\/wp-json\/wp\/v2\/types\/page"}],"author":[{"embeddable":true,"href":"https:\/\/fuenteshnos.com\/en\/wp-json\/wp\/v2\/users\/2"}],"replies":[{"embeddable":true,"href":"https:\/\/fuenteshnos.com\/en\/wp-json\/wp\/v2\/comments?post=194"}],"version-history":[{"count":3,"href":"https:\/\/fuenteshnos.com\/en\/wp-json\/wp\/v2\/pages\/194\/revisions"}],"predecessor-version":[{"id":198,"href":"https:\/\/fuenteshnos.com\/en\/wp-json\/wp\/v2\/pages\/194\/revisions\/198"}],"wp:attachment":[{"href":"https:\/\/fuenteshnos.com\/en\/wp-json\/wp\/v2\/media?parent=194"}],"curies":[{"name":"wp","href":"https:\/\/api.w.org\/{rel}","templated":true}]}}