{"id":199,"date":"2026-01-29T13:50:01","date_gmt":"2026-01-29T13:50:01","guid":{"rendered":"https:\/\/fuenteshnos.com\/?page_id=199"},"modified":"2026-01-29T13:50:47","modified_gmt":"2026-01-29T13:50:47","slug":"aviso-legal","status":"publish","type":"page","link":"https:\/\/fuenteshnos.com\/en\/aviso-legal\/","title":{"rendered":"AVISO LEGAL"},"content":{"rendered":"<p>[et_pb_section fb_built=\u00bb1&#8243; custom_padding_last_edited=\u00bbon|tablet\u00bb _builder_version=\u00bb4.27.5&#8243; _module_preset=\u00bbdefault\u00bb use_background_color_gradient=\u00bbon\u00bb background_color_gradient_stops=\u00bbrgba(21,49,88,0.72) 1%|rgba(236,100,49,0.15) 100%\u00bb background_color_gradient_overlays_image=\u00bbon\u00bb background_image=\u00bbhttp:\/\/fuenteshnos.com\/wp-content\/uploads\/2025\/12\/e69d0231-b20d-42f4-8601-b11935a8363e-1_all_21665-scaled.jpg\u00bb overflow-x=\u00bbhidden\u00bb overflow-y=\u00bbhidden\u00bb custom_margin=\u00bb0px||0px||false|false\u00bb custom_padding=\u00bb70px||70px||true|false\u00bb custom_padding_tablet=\u00bb120px||90px||false|false\u00bb custom_padding_phone=\u00bb90px||60px||false|false\u00bb animation_style=\u00bbfade\u00bb animation_speed_curve=\u00bbease\u00bb global_colors_info=\u00bb{}\u00bb theme_builder_area=\u00bbpost_content\u00bb][et_pb_row _builder_version=\u00bb4.27.5&#8243; _module_preset=\u00bbdefault\u00bb background_color=\u00bb#EC6431&#8243; background_enable_image=\u00bboff\u00bb background_enable_pattern_style=\u00bbon\u00bb background_pattern_style=\u00bbsquares\u00bb background_pattern_color=\u00bbrgba(255,255,255,0.04)\u00bb positioning=\u00bbabsolute\u00bb width=\u00bb30%\u00bb max_width=\u00bb560px\u00bb min_height=\u00bb100%\u00bb custom_margin=\u00bb0px||0px||false|false\u00bb custom_padding=\u00bb0px||0px||false|false\u00bb global_colors_info=\u00bb{}\u00bb theme_builder_area=\u00bbpost_content\u00bb][et_pb_column type=\u00bb4_4&#8243; _builder_version=\u00bb4.25.0&#8243; _module_preset=\u00bbdefault\u00bb global_colors_info=\u00bb{}\u00bb theme_builder_area=\u00bbpost_content\u00bb][\/et_pb_column][\/et_pb_row][et_pb_row column_structure=\u00bb3_4,1_4&#8243; use_custom_gutter=\u00bbon\u00bb module_class=\u00bbconstruction-23-inlbtn-sc res-trans-on-1670&#8243; _builder_version=\u00bb4.27.5&#8243; _module_preset=\u00bbdefault\u00bb width=\u00bb90%\u00bb custom_margin=\u00bb0px||0px||false|false\u00bb custom_padding=\u00bb0px||0px||false|false\u00bb animation_style=\u00bbslide\u00bb animation_direction=\u00bbleft\u00bb global_colors_info=\u00bb{}\u00bb theme_builder_area=\u00bbpost_content\u00bb][et_pb_column type=\u00bb3_4&#8243; _builder_version=\u00bb4.27.5&#8243; _module_preset=\u00bbdefault\u00bb background_color=\u00bb#153158&#8243; transform_scale_tablet=\u00bb\u00bb transform_scale_phone=\u00bb\u00bb transform_scale_last_edited=\u00bbon|desktop\u00bb transform_translate=\u00bb-80px|0px\u00bb transform_translate_tablet=\u00bb0px|0px\u00bb transform_translate_phone=\u00bb0px|0px\u00bb transform_translate_last_edited=\u00bbon|tablet\u00bb transform_translate_linked=\u00bboff\u00bb transform_rotate_tablet=\u00bb\u00bb transform_rotate_phone=\u00bb\u00bb transform_rotate_last_edited=\u00bbon|desktop\u00bb transform_skew_tablet=\u00bb\u00bb transform_skew_phone=\u00bb\u00bb transform_skew_last_edited=\u00bbon|desktop\u00bb transform_origin_tablet=\u00bb\u00bb transform_origin_phone=\u00bb\u00bb transform_origin_last_edited=\u00bbon|desktop\u00bb transform_styles_last_edited=\u00bbon|tablet\u00bb custom_padding=\u00bb30px|80px|30px|80px|true|false\u00bb custom_padding_tablet=\u00bb80px|80px|80px|80px|false|false\u00bb custom_padding_phone=\u00bb50px|30px|50px|30px|false|false\u00bb custom_padding_last_edited=\u00bbon|phone\u00bb animation_style=\u00bbslide\u00bb animation_direction=\u00bbbottom\u00bb animation_delay=\u00bb500ms\u00bb animation_intensity_slide=\u00bb4%\u00bb animation_speed_curve=\u00bbease\u00bb transform_styles_tablet=\u00bb\u00bb transform_styles_phone=\u00bb\u00bb border_width_bottom=\u00bb10px\u00bb border_color_bottom=\u00bb#EC6431&#8243; global_colors_info=\u00bb{}\u00bb theme_builder_area=\u00bbpost_content\u00bb][et_pb_code admin_label=\u00bbresponsive settings\u00bb _builder_version=\u00bb4.25.0&#8243; _module_preset=\u00bbdefault\u00bb max_height=\u00bb0px\u00bb custom_margin=\u00bb0px||0px||false|false\u00bb custom_padding=\u00bb0px||0px||false|false\u00bb global_colors_info=\u00bb{}\u00bb theme_builder_area=\u00bbpost_content\u00bb]<\/p>\n<style><!-- [et_pb_line_break_holder] -->@media (min-width: 980px) and (max-width: 1670px) { <!-- [et_pb_line_break_holder] -->    .res-trans-on-1670 .et_pb_column_2 \t\t\t{<!-- [et_pb_line_break_holder] -->      transform: translateX(0px) translateY(0px);<!-- [et_pb_line_break_holder] -->    }<!-- [et_pb_line_break_holder] --> } <!-- [et_pb_line_break_holder] --><\/style>\n<p>[\/et_pb_code][et_pb_text _builder_version=\u00bb4.27.5&#8243; _dynamic_attributes=\u00bbcontent\u00bb _module_preset=\u00bbdefault\u00bb text_font=\u00bb&#8211;et_global_heading_font||||||||\u00bb text_text_color=\u00bb#FFFFFF\u00bb text_font_size=\u00bb50px\u00bb header_font=\u00bb||on||||||\u00bb header_text_align=\u00bbleft\u00bb header_text_color=\u00bb#FFFFFF\u00bb header_font_size=\u00bb50px\u00bb header_letter_spacing=\u00bb1px\u00bb custom_margin=\u00bb10px||10px||true|false\u00bb custom_margin_tablet=\u00bb0px||25px||false|false\u00bb custom_margin_phone=\u00bb0px||15px||false|false\u00bb custom_margin_last_edited=\u00bbon|phone\u00bb custom_padding=\u00bb0px||0px||false|false\u00bb header_font_size_tablet=\u00bb84px\u00bb header_font_size_phone=\u00bb35px\u00bb header_font_size_last_edited=\u00bbon|desktop\u00bb global_colors_info=\u00bb{}\u00bb theme_builder_area=\u00bbpost_content\u00bb]@ET-DC@eyJkeW5hbWljIjp0cnVlLCJjb250ZW50IjoicG9zdF90aXRsZSIsInNldHRpbmdzIjp7ImJlZm9yZSI6IiIsImFmdGVyIjoiIn19@[\/et_pb_text][et_pb_code admin_label=\u00bbinline-button code\u00bb _builder_version=\u00bb4.25.0&#8243; _module_preset=\u00bbdefault\u00bb custom_margin=\u00bb0px||0px||false|false\u00bb custom_padding=\u00bb0px||0px||false|false\u00bb global_colors_info=\u00bb{}\u00bb theme_builder_area=\u00bbpost_content\u00bb]<\/p>\n<style><!-- [et_pb_line_break_holder] -->  .construction-23-inlbtn-sc<!-- [et_pb_line_break_holder] -->.et_pb_button_module_wrapper {<!-- [et_pb_line_break_holder] -->display: inline-block;<!-- [et_pb_line_break_holder] --><!-- [et_pb_line_break_holder] -->}<!-- [et_pb_line_break_holder] --><!-- [et_pb_line_break_holder] --><\/style>\n<p>[\/et_pb_code][\/et_pb_column][et_pb_column type=\u00bb1_4&#8243; disabled_on=\u00bbon|on|off\u00bb _builder_version=\u00bb4.25.0&#8243; _module_preset=\u00bbdefault\u00bb global_colors_info=\u00bb{}\u00bb theme_builder_area=\u00bbpost_content\u00bb][\/et_pb_column][\/et_pb_row][\/et_pb_section][et_pb_section fb_built=\u00bb1&#8243; _builder_version=\u00bb4.27.5&#8243; _module_preset=\u00bbdefault\u00bb global_colors_info=\u00bb{}\u00bb theme_builder_area=\u00bbpost_content\u00bb][et_pb_row _builder_version=\u00bb4.27.5&#8243; _module_preset=\u00bbdefault\u00bb global_colors_info=\u00bb{}\u00bb theme_builder_area=\u00bbpost_content\u00bb][et_pb_column type=\u00bb4_4&#8243; _builder_version=\u00bb4.27.5&#8243; _module_preset=\u00bbdefault\u00bb global_colors_info=\u00bb{}\u00bb theme_builder_area=\u00bbpost_content\u00bb][et_pb_text _builder_version=\u00bb4.27.5&#8243; _module_preset=\u00bbdefault\u00bb text_text_color=\u00bb#153158&#8243; text_font_size=\u00bb16px\u00bb global_colors_info=\u00bb{}\u00bb theme_builder_area=\u00bbpost_content\u00bb]<\/p>\n<p><span style=\"font-weight: 400;\">En cumplimiento del art\u00edculo 10 de la Ley 34\/2002, de 11 de julio, de Servicios de la Sociedad de la Informaci\u00f3n y de Comercio Electr\u00f3nico (LSSICE), se informa de los siguientes datos:<\/span><\/p>\n<p><b>Titular:<\/b><span style=\"font-weight: 400;\"> FUENTES HNOS. DE ROQUETAS, S.L.<\/span><span style=\"font-weight: 400;\"><br \/><\/span><b>CIF:<\/b><span style=\"font-weight: 400;\"> B04388161<\/span><span style=\"font-weight: 400;\"><br \/><\/span><b>Domicilio social:<\/b><span style=\"font-weight: 400;\"> Lugar Cuatro Puertas \u2013 04745 \u2013 La Mojonera \u2013 Almer\u00eda<\/span><span style=\"font-weight: 400;\"><br \/><\/span><b>Tel\u00e9fono:<\/b><span style=\"font-weight: 400;\"> 950 32 75 48<\/span><span style=\"font-weight: 400;\"><br \/><\/span><b>Correo electr\u00f3nico:<\/b><span style=\"font-weight: 400;\"> administracion@fuenteshnos.com<\/span><span style=\"font-weight: 400;\"><br \/><\/span><b>Sitio web:<\/b> <a href=\"about:blank\"><span style=\"font-weight: 400;\">www.fuenteshnos.com<\/span><\/a><\/p>\n<p><span style=\"font-weight: 400;\">El presente Aviso Legal regula el uso del sitio web titularidad de <\/span><b>FUENTES HNOS. DE ROQUETAS, S.L.<\/b><\/p>\n<p><b>Uso del sitio web<\/b><\/p>\n<p><span style=\"font-weight: 400;\">El acceso y navegaci\u00f3n por este sitio web atribuye la condici\u00f3n de usuario, implicando la aceptaci\u00f3n plena de las presentes condiciones. El acceso a la web no supone, en ning\u00fan caso, el inicio de una relaci\u00f3n comercial sin la correspondiente solicitud o contrataci\u00f3n expresa.<\/span><\/p>\n<p><b>Legislaci\u00f3n y jurisdicci\u00f3n<\/b><\/p>\n<p><span style=\"font-weight: 400;\">Las relaciones entre FUENTES HNOS. DE ROQUETAS, S.L. y los usuarios se regir\u00e1n por la legislaci\u00f3n espa\u00f1ola, siendo competentes los juzgados y tribunales del territorio espa\u00f1ol.<\/span><\/p>\n<p><b>Propiedad intelectual e industrial<\/b><\/p>\n<p><span style=\"font-weight: 400;\">Todos los contenidos del sitio web (textos, im\u00e1genes, logotipos, dise\u00f1o gr\u00e1fico, estructura, c\u00f3digo fuente, etc.) son titularidad de FUENTES HNOS. DE ROQUETAS, S.L. o cuentan con los derechos necesarios para su uso, quedando prohibida su reproducci\u00f3n, distribuci\u00f3n o comunicaci\u00f3n p\u00fablica sin autorizaci\u00f3n expresa.<\/span><\/p>\n<p><b>Responsabilidad<\/b><\/p>\n<p><span style=\"font-weight: 400;\">FUENTES HNOS. DE ROQUETAS, S.L. se reserva el derecho a modificar, actualizar o eliminar los contenidos del sitio web sin previo aviso. No se asume responsabilidad alguna por los contenidos de enlaces externos que pudieran aparecer.<\/span><\/p>\n<p>[\/et_pb_text][\/et_pb_column][\/et_pb_row][\/et_pb_section]<\/p>","protected":false},"excerpt":{"rendered":"<p>En cumplimiento del art\u00edculo 10 de la Ley 34\/2002, de 11 de julio, de Servicios de la Sociedad de la Informaci\u00f3n y de Comercio Electr\u00f3nico (LSSICE), se informa de los siguientes datos: Titular: FUENTES HNOS. DE ROQUETAS, S.L.CIF: B04388161Domicilio social: Lugar Cuatro Puertas \u2013 04745 \u2013 La Mojonera \u2013 Almer\u00edaTel\u00e9fono: 950 32 75 48Correo electr\u00f3nico: [&hellip;]<\/p>","protected":false},"author":2,"featured_media":0,"parent":0,"menu_order":0,"comment_status":"closed","ping_status":"closed","template":"","meta":{"_et_pb_use_builder":"on","_et_pb_old_content":"","_et_gb_content_width":"","footnotes":""},"class_list":["post-199","page","type-page","status-publish","hentry"],"yoast_head":"<!-- This site is optimized with the Yoast SEO plugin v26.8 - https:\/\/yoast.com\/product\/yoast-seo-wordpress\/ -->\n<title>AVISO LEGAL - Transportes Fuentes Hnos. de Roquetas S. L.<\/title>\n<meta name=\"robots\" content=\"index, follow, max-snippet:-1, max-image-preview:large, max-video-preview:-1\" \/>\n<link rel=\"canonical\" href=\"https:\/\/fuenteshnos.com\/en\/aviso-legal\/\" \/>\n<meta property=\"og:locale\" content=\"en_GB\" \/>\n<meta property=\"og:type\" content=\"article\" \/>\n<meta property=\"og:title\" content=\"AVISO LEGAL - Transportes Fuentes Hnos. de Roquetas S. L.\" \/>\n<meta property=\"og:description\" content=\"En cumplimiento del art\u00edculo 10 de la Ley 34\/2002, de 11 de julio, de Servicios de la Sociedad de la Informaci\u00f3n y de Comercio Electr\u00f3nico (LSSICE), se informa de los siguientes datos: Titular: FUENTES HNOS. DE ROQUETAS, S.L.CIF: B04388161Domicilio social: Lugar Cuatro Puertas \u2013 04745 \u2013 La Mojonera \u2013 Almer\u00edaTel\u00e9fono: 950 32 75 48Correo electr\u00f3nico: [&hellip;]\" \/>\n<meta property=\"og:url\" content=\"https:\/\/fuenteshnos.com\/en\/aviso-legal\/\" \/>\n<meta property=\"og:site_name\" content=\"Transportes Fuentes Hnos. de Roquetas S. L.\" \/>\n<meta property=\"article:publisher\" content=\"https:\/\/www.facebook.com\/FuentesHnosDeRoquetas\/?locale=es_ES\" \/>\n<meta property=\"article:modified_time\" content=\"2026-01-29T13:50:47+00:00\" \/>\n<meta name=\"twitter:card\" content=\"summary_large_image\" \/>\n<script type=\"application\/ld+json\" class=\"yoast-schema-graph\">{\"@context\":\"https:\/\/schema.org\",\"@graph\":[{\"@type\":\"WebPage\",\"@id\":\"https:\/\/fuenteshnos.com\/aviso-legal\/\",\"url\":\"https:\/\/fuenteshnos.com\/aviso-legal\/\",\"name\":\"AVISO LEGAL - Transportes Fuentes Hnos. de Roquetas S. L.\",\"isPartOf\":{\"@id\":\"https:\/\/fuenteshnos.com\/#website\"},\"datePublished\":\"2026-01-29T13:50:01+00:00\",\"dateModified\":\"2026-01-29T13:50:47+00:00\",\"breadcrumb\":{\"@id\":\"https:\/\/fuenteshnos.com\/aviso-legal\/#breadcrumb\"},\"inLanguage\":\"en-GB\",\"potentialAction\":[{\"@type\":\"ReadAction\",\"target\":[\"https:\/\/fuenteshnos.com\/aviso-legal\/\"]}]},{\"@type\":\"BreadcrumbList\",\"@id\":\"https:\/\/fuenteshnos.com\/aviso-legal\/#breadcrumb\",\"itemListElement\":[{\"@type\":\"ListItem\",\"position\":1,\"name\":\"Portada\",\"item\":\"https:\/\/fuenteshnos.com\/\"},{\"@type\":\"ListItem\",\"position\":2,\"name\":\"AVISO LEGAL\"}]},{\"@type\":\"WebSite\",\"@id\":\"https:\/\/fuenteshnos.com\/#website\",\"url\":\"https:\/\/fuenteshnos.com\/\",\"name\":\"Transportes Fuentes Hnos. de Roquetas S. L.\",\"description\":\"Especialistas en transporte de plantas ornamentales\",\"publisher\":{\"@id\":\"https:\/\/fuenteshnos.com\/#organization\"},\"potentialAction\":[{\"@type\":\"SearchAction\",\"target\":{\"@type\":\"EntryPoint\",\"urlTemplate\":\"https:\/\/fuenteshnos.com\/?s={search_term_string}\"},\"query-input\":{\"@type\":\"PropertyValueSpecification\",\"valueRequired\":true,\"valueName\":\"search_term_string\"}}],\"inLanguage\":\"en-GB\"},{\"@type\":\"Organization\",\"@id\":\"https:\/\/fuenteshnos.com\/#organization\",\"name\":\"Transportes Fuentes Hnos. de Roquetas S. L.\",\"url\":\"https:\/\/fuenteshnos.com\/\",\"logo\":{\"@type\":\"ImageObject\",\"inLanguage\":\"en-GB\",\"@id\":\"https:\/\/fuenteshnos.com\/#\/schema\/logo\/image\/\",\"url\":\"https:\/\/fuenteshnos.com\/wp-content\/uploads\/2025\/12\/LOGO-1.jpg\",\"contentUrl\":\"https:\/\/fuenteshnos.com\/wp-content\/uploads\/2025\/12\/LOGO-1.jpg\",\"width\":622,\"height\":282,\"caption\":\"Transportes Fuentes Hnos. de Roquetas S. L.\"},\"image\":{\"@id\":\"https:\/\/fuenteshnos.com\/#\/schema\/logo\/image\/\"},\"sameAs\":[\"https:\/\/www.facebook.com\/FuentesHnosDeRoquetas\/?locale=es_ES\"]}]}<\/script>\n<!-- \/ Yoast SEO plugin. -->","yoast_head_json":{"title":"AVISO LEGAL - Transportes Fuentes Hnos. de Roquetas S. L.","robots":{"index":"index","follow":"follow","max-snippet":"max-snippet:-1","max-image-preview":"max-image-preview:large","max-video-preview":"max-video-preview:-1"},"canonical":"https:\/\/fuenteshnos.com\/en\/aviso-legal\/","og_locale":"en_GB","og_type":"article","og_title":"AVISO LEGAL - Transportes Fuentes Hnos. de Roquetas S. L.","og_description":"En cumplimiento del art\u00edculo 10 de la Ley 34\/2002, de 11 de julio, de Servicios de la Sociedad de la Informaci\u00f3n y de Comercio Electr\u00f3nico (LSSICE), se informa de los siguientes datos: Titular: FUENTES HNOS. DE ROQUETAS, S.L.CIF: B04388161Domicilio social: Lugar Cuatro Puertas \u2013 04745 \u2013 La Mojonera \u2013 Almer\u00edaTel\u00e9fono: 950 32 75 48Correo electr\u00f3nico: [&hellip;]","og_url":"https:\/\/fuenteshnos.com\/en\/aviso-legal\/","og_site_name":"Transportes Fuentes Hnos. de Roquetas S. L.","article_publisher":"https:\/\/www.facebook.com\/FuentesHnosDeRoquetas\/?locale=es_ES","article_modified_time":"2026-01-29T13:50:47+00:00","twitter_card":"summary_large_image","schema":{"@context":"https:\/\/schema.org","@graph":[{"@type":"WebPage","@id":"https:\/\/fuenteshnos.com\/aviso-legal\/","url":"https:\/\/fuenteshnos.com\/aviso-legal\/","name":"AVISO LEGAL - Transportes Fuentes Hnos. de Roquetas S. L.","isPartOf":{"@id":"https:\/\/fuenteshnos.com\/#website"},"datePublished":"2026-01-29T13:50:01+00:00","dateModified":"2026-01-29T13:50:47+00:00","breadcrumb":{"@id":"https:\/\/fuenteshnos.com\/aviso-legal\/#breadcrumb"},"inLanguage":"en-GB","potentialAction":[{"@type":"ReadAction","target":["https:\/\/fuenteshnos.com\/aviso-legal\/"]}]},{"@type":"BreadcrumbList","@id":"https:\/\/fuenteshnos.com\/aviso-legal\/#breadcrumb","itemListElement":[{"@type":"ListItem","position":1,"name":"Portada","item":"https:\/\/fuenteshnos.com\/"},{"@type":"ListItem","position":2,"name":"AVISO LEGAL"}]},{"@type":"WebSite","@id":"https:\/\/fuenteshnos.com\/#website","url":"https:\/\/fuenteshnos.com\/","name":"Transportes Fuentes Hnos. de Roquetas S. L.","description":"Especialistas en transporte de plantas ornamentales","publisher":{"@id":"https:\/\/fuenteshnos.com\/#organization"},"potentialAction":[{"@type":"SearchAction","target":{"@type":"EntryPoint","urlTemplate":"https:\/\/fuenteshnos.com\/?s={search_term_string}"},"query-input":{"@type":"PropertyValueSpecification","valueRequired":true,"valueName":"search_term_string"}}],"inLanguage":"en-GB"},{"@type":"Organization","@id":"https:\/\/fuenteshnos.com\/#organization","name":"Transportes Fuentes Hnos. de Roquetas S. L.","url":"https:\/\/fuenteshnos.com\/","logo":{"@type":"ImageObject","inLanguage":"en-GB","@id":"https:\/\/fuenteshnos.com\/#\/schema\/logo\/image\/","url":"https:\/\/fuenteshnos.com\/wp-content\/uploads\/2025\/12\/LOGO-1.jpg","contentUrl":"https:\/\/fuenteshnos.com\/wp-content\/uploads\/2025\/12\/LOGO-1.jpg","width":622,"height":282,"caption":"Transportes Fuentes Hnos. de Roquetas S. L."},"image":{"@id":"https:\/\/fuenteshnos.com\/#\/schema\/logo\/image\/"},"sameAs":["https:\/\/www.facebook.com\/FuentesHnosDeRoquetas\/?locale=es_ES"]}]}},"_links":{"self":[{"href":"https:\/\/fuenteshnos.com\/en\/wp-json\/wp\/v2\/pages\/199","targetHints":{"allow":["GET"]}}],"collection":[{"href":"https:\/\/fuenteshnos.com\/en\/wp-json\/wp\/v2\/pages"}],"about":[{"href":"https:\/\/fuenteshnos.com\/en\/wp-json\/wp\/v2\/types\/page"}],"author":[{"embeddable":true,"href":"https:\/\/fuenteshnos.com\/en\/wp-json\/wp\/v2\/users\/2"}],"replies":[{"embeddable":true,"href":"https:\/\/fuenteshnos.com\/en\/wp-json\/wp\/v2\/comments?post=199"}],"version-history":[{"count":3,"href":"https:\/\/fuenteshnos.com\/en\/wp-json\/wp\/v2\/pages\/199\/revisions"}],"predecessor-version":[{"id":202,"href":"https:\/\/fuenteshnos.com\/en\/wp-json\/wp\/v2\/pages\/199\/revisions\/202"}],"wp:attachment":[{"href":"https:\/\/fuenteshnos.com\/en\/wp-json\/wp\/v2\/media?parent=199"}],"curies":[{"name":"wp","href":"https:\/\/api.w.org\/{rel}","templated":true}]}}