{"id":203,"date":"2026-01-29T13:51:19","date_gmt":"2026-01-29T13:51:19","guid":{"rendered":"https:\/\/fuenteshnos.com\/?page_id=203"},"modified":"2026-01-29T13:52:00","modified_gmt":"2026-01-29T13:52:00","slug":"politica-de-privacidad","status":"publish","type":"page","link":"https:\/\/fuenteshnos.com\/en\/politica-de-privacidad\/","title":{"rendered":"\u00a0POL\u00cdTICA DE PRIVACIDAD"},"content":{"rendered":"<p>[et_pb_section fb_built=\u00bb1&#8243; custom_padding_last_edited=\u00bbon|tablet\u00bb _builder_version=\u00bb4.27.5&#8243; _module_preset=\u00bbdefault\u00bb use_background_color_gradient=\u00bbon\u00bb background_color_gradient_stops=\u00bbrgba(21,49,88,0.72) 1%|rgba(236,100,49,0.15) 100%\u00bb background_color_gradient_overlays_image=\u00bbon\u00bb background_image=\u00bbhttp:\/\/fuenteshnos.com\/wp-content\/uploads\/2025\/12\/e69d0231-b20d-42f4-8601-b11935a8363e-1_all_21665-scaled.jpg\u00bb overflow-x=\u00bbhidden\u00bb overflow-y=\u00bbhidden\u00bb custom_margin=\u00bb0px||0px||false|false\u00bb custom_padding=\u00bb70px||70px||true|false\u00bb custom_padding_tablet=\u00bb120px||90px||false|false\u00bb custom_padding_phone=\u00bb90px||60px||false|false\u00bb animation_style=\u00bbfade\u00bb animation_speed_curve=\u00bbease\u00bb global_colors_info=\u00bb{}\u00bb theme_builder_area=\u00bbpost_content\u00bb][et_pb_row _builder_version=\u00bb4.27.5&#8243; _module_preset=\u00bbdefault\u00bb background_color=\u00bb#EC6431&#8243; background_enable_image=\u00bboff\u00bb background_enable_pattern_style=\u00bbon\u00bb background_pattern_style=\u00bbsquares\u00bb background_pattern_color=\u00bbrgba(255,255,255,0.04)\u00bb positioning=\u00bbabsolute\u00bb width=\u00bb30%\u00bb max_width=\u00bb560px\u00bb min_height=\u00bb100%\u00bb custom_margin=\u00bb0px||0px||false|false\u00bb custom_padding=\u00bb0px||0px||false|false\u00bb global_colors_info=\u00bb{}\u00bb theme_builder_area=\u00bbpost_content\u00bb][et_pb_column type=\u00bb4_4&#8243; _builder_version=\u00bb4.25.0&#8243; _module_preset=\u00bbdefault\u00bb global_colors_info=\u00bb{}\u00bb theme_builder_area=\u00bbpost_content\u00bb][\/et_pb_column][\/et_pb_row][et_pb_row column_structure=\u00bb3_4,1_4&#8243; use_custom_gutter=\u00bbon\u00bb module_class=\u00bbconstruction-23-inlbtn-sc res-trans-on-1670&#8243; _builder_version=\u00bb4.27.5&#8243; _module_preset=\u00bbdefault\u00bb width=\u00bb90%\u00bb custom_margin=\u00bb0px||0px||false|false\u00bb custom_padding=\u00bb0px||0px||false|false\u00bb animation_style=\u00bbslide\u00bb animation_direction=\u00bbleft\u00bb global_colors_info=\u00bb{}\u00bb theme_builder_area=\u00bbpost_content\u00bb][et_pb_column type=\u00bb3_4&#8243; _builder_version=\u00bb4.27.5&#8243; _module_preset=\u00bbdefault\u00bb background_color=\u00bb#153158&#8243; transform_scale_tablet=\u00bb\u00bb transform_scale_phone=\u00bb\u00bb transform_scale_last_edited=\u00bbon|desktop\u00bb transform_translate=\u00bb-80px|0px\u00bb transform_translate_tablet=\u00bb0px|0px\u00bb transform_translate_phone=\u00bb0px|0px\u00bb transform_translate_last_edited=\u00bbon|tablet\u00bb transform_translate_linked=\u00bboff\u00bb transform_rotate_tablet=\u00bb\u00bb transform_rotate_phone=\u00bb\u00bb transform_rotate_last_edited=\u00bbon|desktop\u00bb transform_skew_tablet=\u00bb\u00bb transform_skew_phone=\u00bb\u00bb transform_skew_last_edited=\u00bbon|desktop\u00bb transform_origin_tablet=\u00bb\u00bb transform_origin_phone=\u00bb\u00bb transform_origin_last_edited=\u00bbon|desktop\u00bb transform_styles_last_edited=\u00bbon|tablet\u00bb custom_padding=\u00bb30px|80px|30px|80px|true|false\u00bb custom_padding_tablet=\u00bb80px|80px|80px|80px|false|false\u00bb custom_padding_phone=\u00bb50px|30px|50px|30px|false|false\u00bb custom_padding_last_edited=\u00bbon|phone\u00bb animation_style=\u00bbslide\u00bb animation_direction=\u00bbbottom\u00bb animation_delay=\u00bb500ms\u00bb animation_intensity_slide=\u00bb4%\u00bb animation_speed_curve=\u00bbease\u00bb transform_styles_tablet=\u00bb\u00bb transform_styles_phone=\u00bb\u00bb border_width_bottom=\u00bb10px\u00bb border_color_bottom=\u00bb#EC6431&#8243; global_colors_info=\u00bb{}\u00bb theme_builder_area=\u00bbpost_content\u00bb][et_pb_code admin_label=\u00bbresponsive settings\u00bb _builder_version=\u00bb4.25.0&#8243; _module_preset=\u00bbdefault\u00bb max_height=\u00bb0px\u00bb custom_margin=\u00bb0px||0px||false|false\u00bb custom_padding=\u00bb0px||0px||false|false\u00bb global_colors_info=\u00bb{}\u00bb theme_builder_area=\u00bbpost_content\u00bb]<\/p>\n<style><!-- [et_pb_line_break_holder] -->@media (min-width: 980px) and (max-width: 1670px) { <!-- [et_pb_line_break_holder] -->    .res-trans-on-1670 .et_pb_column_2 \t\t\t{<!-- [et_pb_line_break_holder] -->      transform: translateX(0px) translateY(0px);<!-- [et_pb_line_break_holder] -->    }<!-- [et_pb_line_break_holder] --> } <!-- [et_pb_line_break_holder] --><\/style>\n<p>[\/et_pb_code][et_pb_text _builder_version=\u00bb4.27.5&#8243; _dynamic_attributes=\u00bbcontent\u00bb _module_preset=\u00bbdefault\u00bb text_font=\u00bb&#8211;et_global_heading_font||||||||\u00bb text_text_color=\u00bb#FFFFFF\u00bb text_font_size=\u00bb50px\u00bb header_font=\u00bb||on||||||\u00bb header_text_align=\u00bbleft\u00bb header_text_color=\u00bb#FFFFFF\u00bb header_font_size=\u00bb50px\u00bb header_letter_spacing=\u00bb1px\u00bb custom_margin=\u00bb10px||10px||true|false\u00bb custom_margin_tablet=\u00bb0px||25px||false|false\u00bb custom_margin_phone=\u00bb0px||15px||false|false\u00bb custom_margin_last_edited=\u00bbon|phone\u00bb custom_padding=\u00bb0px||0px||false|false\u00bb header_font_size_tablet=\u00bb84px\u00bb header_font_size_phone=\u00bb35px\u00bb header_font_size_last_edited=\u00bbon|desktop\u00bb global_colors_info=\u00bb{}\u00bb theme_builder_area=\u00bbpost_content\u00bb]@ET-DC@eyJkeW5hbWljIjp0cnVlLCJjb250ZW50IjoicG9zdF90aXRsZSIsInNldHRpbmdzIjp7ImJlZm9yZSI6IiIsImFmdGVyIjoiIn19@[\/et_pb_text][et_pb_code admin_label=\u00bbinline-button code\u00bb _builder_version=\u00bb4.25.0&#8243; _module_preset=\u00bbdefault\u00bb custom_margin=\u00bb0px||0px||false|false\u00bb custom_padding=\u00bb0px||0px||false|false\u00bb global_colors_info=\u00bb{}\u00bb theme_builder_area=\u00bbpost_content\u00bb]<\/p>\n<style><!-- [et_pb_line_break_holder] -->  .construction-23-inlbtn-sc<!-- [et_pb_line_break_holder] -->.et_pb_button_module_wrapper {<!-- [et_pb_line_break_holder] -->display: inline-block;<!-- [et_pb_line_break_holder] --><!-- [et_pb_line_break_holder] -->}<!-- [et_pb_line_break_holder] --><!-- [et_pb_line_break_holder] --><\/style>\n<p>[\/et_pb_code][\/et_pb_column][et_pb_column type=\u00bb1_4&#8243; disabled_on=\u00bbon|on|off\u00bb _builder_version=\u00bb4.25.0&#8243; _module_preset=\u00bbdefault\u00bb global_colors_info=\u00bb{}\u00bb theme_builder_area=\u00bbpost_content\u00bb][\/et_pb_column][\/et_pb_row][\/et_pb_section][et_pb_section fb_built=\u00bb1&#8243; _builder_version=\u00bb4.27.5&#8243; _module_preset=\u00bbdefault\u00bb global_colors_info=\u00bb{}\u00bb theme_builder_area=\u00bbpost_content\u00bb][et_pb_row _builder_version=\u00bb4.27.5&#8243; _module_preset=\u00bbdefault\u00bb global_colors_info=\u00bb{}\u00bb theme_builder_area=\u00bbpost_content\u00bb][et_pb_column type=\u00bb4_4&#8243; _builder_version=\u00bb4.27.5&#8243; _module_preset=\u00bbdefault\u00bb global_colors_info=\u00bb{}\u00bb theme_builder_area=\u00bbpost_content\u00bb][et_pb_text _builder_version=\u00bb4.27.5&#8243; _module_preset=\u00bbdefault\u00bb text_text_color=\u00bb#153158&#8243; text_font_size=\u00bb16px\u00bb global_colors_info=\u00bb{}\u00bb theme_builder_area=\u00bbpost_content\u00bb]<\/p>\n<p><strong>Responsable del tratamiento<\/strong><\/p>\n<p><b>Responsable:<\/b><span style=\"font-weight: 400;\"> FUENTES HNOS. DE ROQUETAS, S.L.<\/span><span style=\"font-weight: 400;\"><br \/><\/span><b>CIF:<\/b><span style=\"font-weight: 400;\"> B04388161<\/span><span style=\"font-weight: 400;\"><br \/><\/span><b>Direcci\u00f3n:<\/b><span style=\"font-weight: 400;\"> Lugar Cuatro Puertas \u2013 04745 \u2013 La Mojonera \u2013 Almer\u00eda<\/span><span style=\"font-weight: 400;\"><br \/><\/span><b>Tel\u00e9fono:<\/b><span style=\"font-weight: 400;\"> 950 32 75 48<\/span><span style=\"font-weight: 400;\"><br \/><\/span><b>Email:<\/b><span style=\"font-weight: 400;\"> administracion@fuenteshnos.com<\/span><\/p>\n<p><b>Datos personales tratados<\/b><\/p>\n<p><span style=\"font-weight: 400;\">Los datos personales podr\u00e1n tratarse cuando el usuario:<\/span><\/p>\n<ul>\n<li style=\"font-weight: 400;\" aria-level=\"1\"><span style=\"font-weight: 400;\">Contacte por correo electr\u00f3nico o tel\u00e9fono.<\/span><\/li>\n<li style=\"font-weight: 400;\" aria-level=\"1\"><span style=\"font-weight: 400;\">Cumplimente formularios (si los hubiera).<\/span><\/li>\n<li style=\"font-weight: 400;\" aria-level=\"1\"><span style=\"font-weight: 400;\">Navegue por el sitio web (datos anal\u00edticos mediante cookies, solo con consentimiento).<\/span><\/li>\n<\/ul>\n<p><span style=\"font-weight: 400;\">Los datos tratados pueden ser:<\/span><\/p>\n<ul>\n<li style=\"font-weight: 400;\" aria-level=\"1\"><span style=\"font-weight: 400;\">Nombre y apellidos<\/span><\/li>\n<li style=\"font-weight: 400;\" aria-level=\"1\"><span style=\"font-weight: 400;\">Tel\u00e9fono<\/span><\/li>\n<li style=\"font-weight: 400;\" aria-level=\"1\"><span style=\"font-weight: 400;\">Correo electr\u00f3nico<\/span><\/li>\n<li style=\"font-weight: 400;\" aria-level=\"1\"><span style=\"font-weight: 400;\">Informaci\u00f3n incluida en la consulta<\/span><\/li>\n<\/ul>\n<p><b>Finalidad del tratamiento<\/b><\/p>\n<p><span style=\"font-weight: 400;\">Los datos personales se tratar\u00e1n con la finalidad de:<\/span><\/p>\n<ul>\n<li style=\"font-weight: 400;\" aria-level=\"1\"><span style=\"font-weight: 400;\">Atender consultas o solicitudes de informaci\u00f3n.<\/span><\/li>\n<li style=\"font-weight: 400;\" aria-level=\"1\"><span style=\"font-weight: 400;\">Mantener comunicaciones comerciales o profesionales.<\/span><\/li>\n<li style=\"font-weight: 400;\" aria-level=\"1\"><span style=\"font-weight: 400;\">Gestionar relaciones comerciales.<\/span><\/li>\n<li style=\"font-weight: 400;\" aria-level=\"1\"><span style=\"font-weight: 400;\">Analizar la navegaci\u00f3n de los usuarios (cookies anal\u00edticas, si procede).<\/span><\/li>\n<\/ul>\n<p><b>Base legal del tratamiento<\/b><\/p>\n<p><span style=\"font-weight: 400;\">La base legal para el tratamiento de los datos personales es:<\/span><\/p>\n<ul>\n<li style=\"font-weight: 400;\" aria-level=\"1\"><b>El consentimiento del interesado<\/b><span style=\"font-weight: 400;\">, al contactar o enviar formularios.<\/span><\/li>\n<li style=\"font-weight: 400;\" aria-level=\"1\"><b>La ejecuci\u00f3n de una relaci\u00f3n comercial<\/b><span style=\"font-weight: 400;\">, cuando proceda.<\/span><\/li>\n<li style=\"font-weight: 400;\" aria-level=\"1\"><span style=\"font-weight: 400;\">El consentimiento expreso para el uso de cookies anal\u00edticas.<\/span><\/li>\n<\/ul>\n<p><b>Plazo de conservaci\u00f3n<\/b><\/p>\n<p><span style=\"font-weight: 400;\">Los datos personales se conservar\u00e1n:<\/span><\/p>\n<ul>\n<li style=\"font-weight: 400;\" aria-level=\"1\"><b>Datos de contacto y consultas:<\/b><span style=\"font-weight: 400;\"> hasta un m\u00e1ximo de 24 meses.<\/span><\/li>\n<li style=\"font-weight: 400;\" aria-level=\"1\"><b>Datos comerciales o contractuales:<\/b><span style=\"font-weight: 400;\"> durante los plazos exigidos por la normativa fiscal y contable (5 a\u00f1os).<\/span><\/li>\n<li style=\"font-weight: 400;\" aria-level=\"1\"><b>Datos anal\u00edticos:<\/b><span style=\"font-weight: 400;\"> seg\u00fan la duraci\u00f3n de las cookies correspondientes.<\/span><\/li>\n<\/ul>\n<p><b>Destinatarios<\/b><\/p>\n<p><span style=\"font-weight: 400;\">No se ceder\u00e1n datos a terceros salvo obligaci\u00f3n legal.<\/span><\/p>\n<p><span style=\"font-weight: 400;\">En caso de utilizar herramientas de an\u00e1lisis web (por ejemplo, Google Analytics), dichas entidades actuar\u00e1n como encargados del tratamiento conforme a la normativa vigente.<\/span><\/p>\n<p><b>Derechos del interesado<\/b><\/p>\n<p><span style=\"font-weight: 400;\">El interesado puede ejercer los siguientes derechos:<\/span><\/p>\n<ul>\n<li style=\"font-weight: 400;\" aria-level=\"1\"><span style=\"font-weight: 400;\">Acceso a sus datos personales<\/span><\/li>\n<li style=\"font-weight: 400;\" aria-level=\"1\"><span style=\"font-weight: 400;\">Rectificaci\u00f3n de datos inexactos<\/span><\/li>\n<li style=\"font-weight: 400;\" aria-level=\"1\"><span style=\"font-weight: 400;\">Supresi\u00f3n de sus datos<\/span><\/li>\n<li style=\"font-weight: 400;\" aria-level=\"1\"><span style=\"font-weight: 400;\">Oposici\u00f3n y limitaci\u00f3n del tratamiento<\/span><\/li>\n<li style=\"font-weight: 400;\" aria-level=\"1\"><span style=\"font-weight: 400;\">Portabilidad de los datos<\/span><\/li>\n<li style=\"font-weight: 400;\" aria-level=\"1\"><span style=\"font-weight: 400;\">Retirada del consentimiento en cualquier momento<\/span><\/li>\n<\/ul>\n<p><span style=\"font-weight: 400;\">Para ejercer estos derechos puede enviar una solicitud a:<\/span><span style=\"font-weight: 400;\"><br \/><\/span><b>administracion@fuenteshnos.com<\/b><\/p>\n<p><span style=\"font-weight: 400;\">Asimismo, puede presentar una reclamaci\u00f3n ante la <\/span><b>Agencia Espa\u00f1ola de Protecci\u00f3n de Datos (<\/b><a href=\"about:blank\"><b>www.aepd.es<\/b><\/a><b>)<\/b><span style=\"font-weight: 400;\">.<\/span><\/p>\n<p>[\/et_pb_text][\/et_pb_column][\/et_pb_row][\/et_pb_section]<\/p>","protected":false},"excerpt":{"rendered":"<p>Responsable del tratamiento Responsable: FUENTES HNOS. DE ROQUETAS, S.L.CIF: B04388161Direcci\u00f3n: Lugar Cuatro Puertas \u2013 04745 \u2013 La Mojonera \u2013 Almer\u00edaTel\u00e9fono: 950 32 75 48Email: administracion@fuenteshnos.com Datos personales tratados Los datos personales podr\u00e1n tratarse cuando el usuario: Contacte por correo electr\u00f3nico o tel\u00e9fono. Cumplimente formularios (si los hubiera). Navegue por el sitio web (datos anal\u00edticos mediante [&hellip;]<\/p>","protected":false},"author":2,"featured_media":0,"parent":0,"menu_order":0,"comment_status":"closed","ping_status":"closed","template":"","meta":{"_et_pb_use_builder":"on","_et_pb_old_content":"","_et_gb_content_width":"","footnotes":""},"class_list":["post-203","page","type-page","status-publish","hentry"],"yoast_head":"<!-- This site is optimized with the Yoast SEO plugin v26.8 - https:\/\/yoast.com\/product\/yoast-seo-wordpress\/ -->\n<title>\u00a0POL\u00cdTICA DE PRIVACIDAD - Transportes Fuentes Hnos. de Roquetas S. L.<\/title>\n<meta name=\"robots\" content=\"index, follow, max-snippet:-1, max-image-preview:large, max-video-preview:-1\" \/>\n<link rel=\"canonical\" href=\"https:\/\/fuenteshnos.com\/en\/politica-de-privacidad\/\" \/>\n<meta property=\"og:locale\" content=\"en_GB\" \/>\n<meta property=\"og:type\" content=\"article\" \/>\n<meta property=\"og:title\" content=\"\u00a0POL\u00cdTICA DE PRIVACIDAD - Transportes Fuentes Hnos. de Roquetas S. L.\" \/>\n<meta property=\"og:description\" content=\"Responsable del tratamiento Responsable: FUENTES HNOS. DE ROQUETAS, S.L.CIF: B04388161Direcci\u00f3n: Lugar Cuatro Puertas \u2013 04745 \u2013 La Mojonera \u2013 Almer\u00edaTel\u00e9fono: 950 32 75 48Email: administracion@fuenteshnos.com Datos personales tratados Los datos personales podr\u00e1n tratarse cuando el usuario: Contacte por correo electr\u00f3nico o tel\u00e9fono. Cumplimente formularios (si los hubiera). Navegue por el sitio web (datos anal\u00edticos mediante [&hellip;]\" \/>\n<meta property=\"og:url\" content=\"https:\/\/fuenteshnos.com\/en\/politica-de-privacidad\/\" \/>\n<meta property=\"og:site_name\" content=\"Transportes Fuentes Hnos. de Roquetas S. L.\" \/>\n<meta property=\"article:publisher\" content=\"https:\/\/www.facebook.com\/FuentesHnosDeRoquetas\/?locale=es_ES\" \/>\n<meta property=\"article:modified_time\" content=\"2026-01-29T13:52:00+00:00\" \/>\n<meta name=\"twitter:card\" content=\"summary_large_image\" \/>\n<script type=\"application\/ld+json\" class=\"yoast-schema-graph\">{\"@context\":\"https:\/\/schema.org\",\"@graph\":[{\"@type\":\"WebPage\",\"@id\":\"https:\/\/fuenteshnos.com\/politica-de-privacidad\/\",\"url\":\"https:\/\/fuenteshnos.com\/politica-de-privacidad\/\",\"name\":\"\u00a0POL\u00cdTICA DE PRIVACIDAD - Transportes Fuentes Hnos. de Roquetas S. L.\",\"isPartOf\":{\"@id\":\"https:\/\/fuenteshnos.com\/#website\"},\"datePublished\":\"2026-01-29T13:51:19+00:00\",\"dateModified\":\"2026-01-29T13:52:00+00:00\",\"breadcrumb\":{\"@id\":\"https:\/\/fuenteshnos.com\/politica-de-privacidad\/#breadcrumb\"},\"inLanguage\":\"en-GB\",\"potentialAction\":[{\"@type\":\"ReadAction\",\"target\":[\"https:\/\/fuenteshnos.com\/politica-de-privacidad\/\"]}]},{\"@type\":\"BreadcrumbList\",\"@id\":\"https:\/\/fuenteshnos.com\/politica-de-privacidad\/#breadcrumb\",\"itemListElement\":[{\"@type\":\"ListItem\",\"position\":1,\"name\":\"Portada\",\"item\":\"https:\/\/fuenteshnos.com\/\"},{\"@type\":\"ListItem\",\"position\":2,\"name\":\"\u00a0POL\u00cdTICA DE PRIVACIDAD\"}]},{\"@type\":\"WebSite\",\"@id\":\"https:\/\/fuenteshnos.com\/#website\",\"url\":\"https:\/\/fuenteshnos.com\/\",\"name\":\"Transportes Fuentes Hnos. de Roquetas S. L.\",\"description\":\"Especialistas en transporte de plantas ornamentales\",\"publisher\":{\"@id\":\"https:\/\/fuenteshnos.com\/#organization\"},\"potentialAction\":[{\"@type\":\"SearchAction\",\"target\":{\"@type\":\"EntryPoint\",\"urlTemplate\":\"https:\/\/fuenteshnos.com\/?s={search_term_string}\"},\"query-input\":{\"@type\":\"PropertyValueSpecification\",\"valueRequired\":true,\"valueName\":\"search_term_string\"}}],\"inLanguage\":\"en-GB\"},{\"@type\":\"Organization\",\"@id\":\"https:\/\/fuenteshnos.com\/#organization\",\"name\":\"Transportes Fuentes Hnos. de Roquetas S. L.\",\"url\":\"https:\/\/fuenteshnos.com\/\",\"logo\":{\"@type\":\"ImageObject\",\"inLanguage\":\"en-GB\",\"@id\":\"https:\/\/fuenteshnos.com\/#\/schema\/logo\/image\/\",\"url\":\"https:\/\/fuenteshnos.com\/wp-content\/uploads\/2025\/12\/LOGO-1.jpg\",\"contentUrl\":\"https:\/\/fuenteshnos.com\/wp-content\/uploads\/2025\/12\/LOGO-1.jpg\",\"width\":622,\"height\":282,\"caption\":\"Transportes Fuentes Hnos. de Roquetas S. L.\"},\"image\":{\"@id\":\"https:\/\/fuenteshnos.com\/#\/schema\/logo\/image\/\"},\"sameAs\":[\"https:\/\/www.facebook.com\/FuentesHnosDeRoquetas\/?locale=es_ES\"]}]}<\/script>\n<!-- \/ Yoast SEO plugin. -->","yoast_head_json":{"title":"\u00a0POL\u00cdTICA DE PRIVACIDAD - Transportes Fuentes Hnos. de Roquetas S. L.","robots":{"index":"index","follow":"follow","max-snippet":"max-snippet:-1","max-image-preview":"max-image-preview:large","max-video-preview":"max-video-preview:-1"},"canonical":"https:\/\/fuenteshnos.com\/en\/politica-de-privacidad\/","og_locale":"en_GB","og_type":"article","og_title":"\u00a0POL\u00cdTICA DE PRIVACIDAD - Transportes Fuentes Hnos. de Roquetas S. L.","og_description":"Responsable del tratamiento Responsable: FUENTES HNOS. DE ROQUETAS, S.L.CIF: B04388161Direcci\u00f3n: Lugar Cuatro Puertas \u2013 04745 \u2013 La Mojonera \u2013 Almer\u00edaTel\u00e9fono: 950 32 75 48Email: administracion@fuenteshnos.com Datos personales tratados Los datos personales podr\u00e1n tratarse cuando el usuario: Contacte por correo electr\u00f3nico o tel\u00e9fono. Cumplimente formularios (si los hubiera). Navegue por el sitio web (datos anal\u00edticos mediante [&hellip;]","og_url":"https:\/\/fuenteshnos.com\/en\/politica-de-privacidad\/","og_site_name":"Transportes Fuentes Hnos. de Roquetas S. L.","article_publisher":"https:\/\/www.facebook.com\/FuentesHnosDeRoquetas\/?locale=es_ES","article_modified_time":"2026-01-29T13:52:00+00:00","twitter_card":"summary_large_image","schema":{"@context":"https:\/\/schema.org","@graph":[{"@type":"WebPage","@id":"https:\/\/fuenteshnos.com\/politica-de-privacidad\/","url":"https:\/\/fuenteshnos.com\/politica-de-privacidad\/","name":"\u00a0POL\u00cdTICA DE PRIVACIDAD - Transportes Fuentes Hnos. de Roquetas S. L.","isPartOf":{"@id":"https:\/\/fuenteshnos.com\/#website"},"datePublished":"2026-01-29T13:51:19+00:00","dateModified":"2026-01-29T13:52:00+00:00","breadcrumb":{"@id":"https:\/\/fuenteshnos.com\/politica-de-privacidad\/#breadcrumb"},"inLanguage":"en-GB","potentialAction":[{"@type":"ReadAction","target":["https:\/\/fuenteshnos.com\/politica-de-privacidad\/"]}]},{"@type":"BreadcrumbList","@id":"https:\/\/fuenteshnos.com\/politica-de-privacidad\/#breadcrumb","itemListElement":[{"@type":"ListItem","position":1,"name":"Portada","item":"https:\/\/fuenteshnos.com\/"},{"@type":"ListItem","position":2,"name":"\u00a0POL\u00cdTICA DE PRIVACIDAD"}]},{"@type":"WebSite","@id":"https:\/\/fuenteshnos.com\/#website","url":"https:\/\/fuenteshnos.com\/","name":"Transportes Fuentes Hnos. de Roquetas S. L.","description":"Especialistas en transporte de plantas ornamentales","publisher":{"@id":"https:\/\/fuenteshnos.com\/#organization"},"potentialAction":[{"@type":"SearchAction","target":{"@type":"EntryPoint","urlTemplate":"https:\/\/fuenteshnos.com\/?s={search_term_string}"},"query-input":{"@type":"PropertyValueSpecification","valueRequired":true,"valueName":"search_term_string"}}],"inLanguage":"en-GB"},{"@type":"Organization","@id":"https:\/\/fuenteshnos.com\/#organization","name":"Transportes Fuentes Hnos. de Roquetas S. L.","url":"https:\/\/fuenteshnos.com\/","logo":{"@type":"ImageObject","inLanguage":"en-GB","@id":"https:\/\/fuenteshnos.com\/#\/schema\/logo\/image\/","url":"https:\/\/fuenteshnos.com\/wp-content\/uploads\/2025\/12\/LOGO-1.jpg","contentUrl":"https:\/\/fuenteshnos.com\/wp-content\/uploads\/2025\/12\/LOGO-1.jpg","width":622,"height":282,"caption":"Transportes Fuentes Hnos. de Roquetas S. L."},"image":{"@id":"https:\/\/fuenteshnos.com\/#\/schema\/logo\/image\/"},"sameAs":["https:\/\/www.facebook.com\/FuentesHnosDeRoquetas\/?locale=es_ES"]}]}},"_links":{"self":[{"href":"https:\/\/fuenteshnos.com\/en\/wp-json\/wp\/v2\/pages\/203","targetHints":{"allow":["GET"]}}],"collection":[{"href":"https:\/\/fuenteshnos.com\/en\/wp-json\/wp\/v2\/pages"}],"about":[{"href":"https:\/\/fuenteshnos.com\/en\/wp-json\/wp\/v2\/types\/page"}],"author":[{"embeddable":true,"href":"https:\/\/fuenteshnos.com\/en\/wp-json\/wp\/v2\/users\/2"}],"replies":[{"embeddable":true,"href":"https:\/\/fuenteshnos.com\/en\/wp-json\/wp\/v2\/comments?post=203"}],"version-history":[{"count":3,"href":"https:\/\/fuenteshnos.com\/en\/wp-json\/wp\/v2\/pages\/203\/revisions"}],"predecessor-version":[{"id":206,"href":"https:\/\/fuenteshnos.com\/en\/wp-json\/wp\/v2\/pages\/203\/revisions\/206"}],"wp:attachment":[{"href":"https:\/\/fuenteshnos.com\/en\/wp-json\/wp\/v2\/media?parent=203"}],"curies":[{"name":"wp","href":"https:\/\/api.w.org\/{rel}","templated":true}]}}